{"id":742,"date":"2023-05-31T09:55:49","date_gmt":"2023-05-31T09:55:49","guid":{"rendered":"https:\/\/forjados.net\/?page_id=742"},"modified":"2023-06-05T17:11:50","modified_gmt":"2023-06-05T17:11:50","slug":"sobre-nosotros","status":"publish","type":"page","link":"https:\/\/forjados.net\/index.php\/sobre-nosotros\/","title":{"rendered":"Sobre Nosotros"},"content":{"rendered":"<div data-colibri-id=\"742-c1\" class=\"style-789 style-local-742-c1 position-relative\">\n  <!---->\n  <div data-colibri-component=\"section\" data-colibri-id=\"742-c2\" id=\"custom\" class=\"h-section h-section-global-spacing d-flex align-items-lg-center align-items-md-center align-items-center style-790 style-local-742-c2 position-relative\">\n    <!---->\n    <!---->\n    <div class=\"h-section-grid-container h-section-boxed-container\">\n      <!---->\n      <div data-colibri-id=\"742-c3\" class=\"h-row-container gutters-row-lg-2 gutters-row-md-2 gutters-row-0 gutters-row-v-lg-2 gutters-row-v-md-2 gutters-row-v-2 style-798 style-local-742-c3 position-relative\">\n        <!---->\n        <div class=\"h-row justify-content-lg-center justify-content-md-center justify-content-center align-items-lg-stretch align-items-md-stretch align-items-stretch gutters-col-lg-2 gutters-col-md-2 gutters-col-0 gutters-col-v-lg-2 gutters-col-v-md-2 gutters-col-v-2\">\n          <!---->\n          <div class=\"h-column h-column-container d-flex h-col-lg-auto h-col-md-auto h-col-auto style-799-outer style-local-742-c4-outer\">\n            <div data-colibri-id=\"742-c4\" class=\"d-flex h-flex-basis h-column__inner h-px-lg-2 h-px-md-2 h-px-2 v-inner-lg-2 v-inner-md-2 v-inner-2 style-799 style-local-742-c4 position-relative\">\n              <!---->\n              <!---->\n              <div class=\"w-100 h-y-container h-column__content h-column__v-align flex-basis-100 align-self-lg-start align-self-md-start align-self-start\">\n                <!---->\n                <div data-colibri-id=\"742-c5\" class=\"h-global-transition-all h-heading style-800 style-local-742-c5 position-relative h-element\">\n                  <!---->\n                  <div class=\"h-heading__outer style-800 style-local-742-c5\">\n                    <!---->\n                    <!---->\n                    <h4 class=\"\">Somos una fabrica de prefabricados de hormig\u00f3n en Quintanar de la Orden (Toledo). Con una dilatada experiencia en el mundo del prefabricado desde 2002, ponemos en el mercado nuestros productos especializ\u00e1ndonos en la obra peque\u00f1a y\n                      mediana.<\/h4>\n                  <\/div>\n                <\/div>\n              <\/div>\n            <\/div>\n          <\/div>\n        <\/div>\n      <\/div>\n      <div data-colibri-id=\"742-c6\" class=\"h-row-container gutters-row-lg-2 gutters-row-md-2 gutters-row-0 gutters-row-v-lg-2 gutters-row-v-md-2 gutters-row-v-2 style-791 style-local-742-c6 position-relative\">\n        <!---->\n        <div class=\"h-row justify-content-lg-center justify-content-md-center justify-content-center align-items-lg-stretch align-items-md-stretch align-items-stretch gutters-col-lg-2 gutters-col-md-2 gutters-col-0 gutters-col-v-lg-2 gutters-col-v-md-2 gutters-col-v-2\">\n          <!---->\n          <div class=\"h-column h-column-container d-flex h-col-lg-auto h-col-md-auto h-col-auto style-792-outer style-local-742-c7-outer\">\n            <div data-colibri-id=\"742-c7\" class=\"d-flex h-flex-basis h-column__inner h-px-lg-2 h-px-md-2 h-px-2 v-inner-lg-2 v-inner-md-2 v-inner-2 style-792 style-local-742-c7 position-relative\">\n              <!---->\n              <!---->\n              <div class=\"w-100 h-y-container h-column__content h-column__v-align flex-basis-100 align-self-lg-start align-self-md-start align-self-start\">\n                <!---->\n                <div data-colibri-id=\"742-c8\" class=\"d-block style-797 style-local-742-c8 position-relative h-element\">\n                  <!---->\n                  <div class=\"h-image__frame-container-outer\">\n                    <div class=\"h-image__frame-container\">\n                      <!---->\n                      <!---->\n                      <img loading=\"lazy\" decoding=\"async\" width=\"2031\" height=\"977\" src=\"https:\/\/forjados.net\/wp-content\/uploads\/2023\/05\/cropped-fabrica-vista-aera-scaled-1.jpg\" class=\"wp-image-747 style-797-image style-local-742-c8-image\" alt=\"\" srcset=\"https:\/\/forjados.net\/wp-content\/uploads\/2023\/05\/cropped-fabrica-vista-aera-scaled-1.jpg 2031w, https:\/\/forjados.net\/wp-content\/uploads\/2023\/05\/cropped-fabrica-vista-aera-scaled-1-300x144.jpg 300w, https:\/\/forjados.net\/wp-content\/uploads\/2023\/05\/cropped-fabrica-vista-aera-scaled-1-1024x493.jpg 1024w, https:\/\/forjados.net\/wp-content\/uploads\/2023\/05\/cropped-fabrica-vista-aera-scaled-1-768x369.jpg 768w, https:\/\/forjados.net\/wp-content\/uploads\/2023\/05\/cropped-fabrica-vista-aera-scaled-1-1536x739.jpg 1536w\" sizes=\"auto, (max-width: 2031px) 100vw, 2031px\" \/>\n                      <div class=\"h-image__frame h-hide-lg h-hide-md h-hide-sm style-797-frameImage style-local-742-c8-frameImage\"><\/div>\n                    <\/div>\n                  <\/div>\n                <\/div>\n                <div data-colibri-id=\"742-c9\" class=\"h-text h-text-component style-801 style-local-742-c9 position-relative h-element\">\n                  <!---->\n                  <!---->\n                  <div class=\"\">\n                    <p><span style=\"font-weight: 400; font-size: 16px; font-family: &quot;Open Sans&quot;; color: rgb(37, 41, 42);\">Contamos con las certificaciones obligatorias en todos nuestros productos, garantizando la m\u00e1xima calidad de nuestros prefabricados y de los herrajes que se emplean en los montajes.<\/span><\/p>\n                  <\/div>\n                <\/div>\n              <\/div>\n            <\/div>\n          <\/div>\n          <div class=\"h-column h-column-container d-flex h-col-lg-auto h-col-md-auto h-col-auto style-793-outer style-local-742-c10-outer\">\n            <div data-colibri-id=\"742-c10\" class=\"d-flex h-flex-basis h-column__inner h-px-lg-2 h-px-md-2 h-px-2 v-inner-lg-2 v-inner-md-2 v-inner-2 style-793 style-local-742-c10 position-relative\">\n              <!---->\n              <!---->\n              <div class=\"w-100 h-y-container h-column__content h-column__v-align flex-basis-100 align-self-lg-start align-self-md-start align-self-start\">\n                <!---->\n                <div data-colibri-id=\"742-c11\" class=\"h-text h-text-component style-795 style-local-742-c11 position-relative h-element\">\n                  <!---->\n                  <!---->\n                  <div class=\"\">\n                    <p>Fabricamos y montamos nuestros productos por toda Espa\u00f1a, aunque por cercan\u00eda nuestro \u00e1mbito de trabajo mas usual es Comunidad de Madrid y Castilla la Mancha. <\/p>\n                    <p>La construcci\u00f3n con prefabricados es r\u00e1pida, con escasa mano de obra y por tanto una opci\u00f3n muy econ\u00f3mica para su proyecto<\/p>\n                    <p>\n                      <br>\n                    <\/p>\n                  <\/div>\n                <\/div>\n              <\/div>\n            <\/div>\n          <\/div>\n          <div class=\"h-column h-column-container d-flex h-col-lg-auto h-col-md-auto h-col-auto style-794-outer style-local-742-c12-outer\">\n            <div data-colibri-id=\"742-c12\" class=\"d-flex h-flex-basis h-column__inner h-px-lg-2 h-px-md-2 h-px-2 v-inner-lg-2 v-inner-md-2 v-inner-2 style-794 style-local-742-c12 position-relative\">\n              <!---->\n              <!---->\n              <div class=\"w-100 h-y-container h-column__content h-column__v-align flex-basis-100 align-self-lg-start align-self-md-start align-self-start\">\n                <!---->\n                <div data-colibri-id=\"742-c13\" class=\"d-block style-796 style-local-742-c13 position-relative h-element\">\n                  <!---->\n                  <div class=\"h-image__frame-container-outer\">\n                    <div class=\"h-image__frame-container\">\n                      <!---->\n                      <!---->\n                      <img loading=\"lazy\" decoding=\"async\" width=\"1197\" height=\"1201\" src=\"https:\/\/forjados.net\/wp-content\/uploads\/2023\/05\/cropped-primera-pista.jpg\" class=\"wp-image-748 style-796-image style-local-742-c13-image\" alt=\"\" srcset=\"https:\/\/forjados.net\/wp-content\/uploads\/2023\/05\/cropped-primera-pista.jpg 1197w, https:\/\/forjados.net\/wp-content\/uploads\/2023\/05\/cropped-primera-pista-300x300.jpg 300w, https:\/\/forjados.net\/wp-content\/uploads\/2023\/05\/cropped-primera-pista-1021x1024.jpg 1021w, https:\/\/forjados.net\/wp-content\/uploads\/2023\/05\/cropped-primera-pista-150x150.jpg 150w, https:\/\/forjados.net\/wp-content\/uploads\/2023\/05\/cropped-primera-pista-768x771.jpg 768w\" sizes=\"auto, (max-width: 1197px) 100vw, 1197px\" \/>\n                      <div class=\"h-image__frame h-hide-lg h-hide-md h-hide-sm style-796-frameImage style-local-742-c13-frameImage\"><\/div>\n                    <\/div>\n                  <\/div>\n                <\/div>\n              <\/div>\n            <\/div>\n          <\/div>\n        <\/div>\n      <\/div>\n      <div data-colibri-id=\"742-c14\" class=\"h-row-container gutters-row-lg-2 gutters-row-md-2 gutters-row-0 gutters-row-v-lg-2 gutters-row-v-md-2 gutters-row-v-2 style-802 style-local-742-c14 position-relative\">\n        <!---->\n        <div class=\"h-row justify-content-lg-center justify-content-md-center justify-content-center align-items-lg-stretch align-items-md-stretch align-items-stretch gutters-col-lg-2 gutters-col-md-2 gutters-col-0 gutters-col-v-lg-2 gutters-col-v-md-2 gutters-col-v-2\">\n          <!---->\n          <div class=\"h-column h-column-container d-flex h-col-lg-auto h-col-md-auto h-col-auto style-803-outer style-local-742-c15-outer\">\n            <div data-colibri-id=\"742-c15\" class=\"d-flex h-flex-basis h-column__inner h-px-lg-2 h-px-md-2 h-px-2 v-inner-lg-2 v-inner-md-2 v-inner-2 style-803 style-local-742-c15 position-relative\">\n              <!---->\n              <!---->\n              <div class=\"w-100 h-y-container h-column__content h-column__v-align flex-basis-100 align-self-lg-start align-self-md-start align-self-start\">\n                <!---->\n                <div data-colibri-id=\"742-c16\" class=\"h-global-transition-all h-heading style-804 style-local-742-c16 position-relative h-element\">\n                  <!---->\n                  <div class=\"h-heading__outer style-804 style-local-742-c16\">\n                    <!---->\n                    <!---->\n                    <h5 class=\"\">Si tiene un proyecto, cu\u00e9ntanoslo y te lo solucionamos.<\/h5>\n                  <\/div>\n                <\/div>\n              <\/div>\n            <\/div>\n          <\/div>\n        <\/div>\n      <\/div>\n    <\/div>\n  <\/div>\n<\/div>","protected":false},"excerpt":{"rendered":"<p>Somos una fabrica de prefabricados de hormig\u00f3n en Quintanar de la Orden (Toledo). Con una dilatada experiencia en el mundo del prefabricado desde 2002, ponemos en el mercado nuestros productos especializ\u00e1ndonos en la obra peque\u00f1a y mediana. Contamos con las certificaciones obligatorias en todos nuestros productos, garantizando la m\u00e1xima calidad de nuestros prefabricados y de [&hellip;]<\/p>\n","protected":false},"author":1,"featured_media":0,"parent":0,"menu_order":0,"comment_status":"closed","ping_status":"closed","template":"page-templates\/full-width-page.php","meta":{"footnotes":""},"class_list":["post-742","page","type-page","status-publish","hentry"],"_links":{"self":[{"href":"https:\/\/forjados.net\/index.php\/wp-json\/wp\/v2\/pages\/742","targetHints":{"allow":["GET"]}}],"collection":[{"href":"https:\/\/forjados.net\/index.php\/wp-json\/wp\/v2\/pages"}],"about":[{"href":"https:\/\/forjados.net\/index.php\/wp-json\/wp\/v2\/types\/page"}],"author":[{"embeddable":true,"href":"https:\/\/forjados.net\/index.php\/wp-json\/wp\/v2\/users\/1"}],"replies":[{"embeddable":true,"href":"https:\/\/forjados.net\/index.php\/wp-json\/wp\/v2\/comments?post=742"}],"version-history":[{"count":5,"href":"https:\/\/forjados.net\/index.php\/wp-json\/wp\/v2\/pages\/742\/revisions"}],"predecessor-version":[{"id":1010,"href":"https:\/\/forjados.net\/index.php\/wp-json\/wp\/v2\/pages\/742\/revisions\/1010"}],"wp:attachment":[{"href":"https:\/\/forjados.net\/index.php\/wp-json\/wp\/v2\/media?parent=742"}],"curies":[{"name":"wp","href":"https:\/\/api.w.org\/{rel}","templated":true}]}}