{"id":656,"date":"2023-05-29T16:43:38","date_gmt":"2023-05-29T16:43:38","guid":{"rendered":"https:\/\/forjados.net\/?page_id=656"},"modified":"2023-06-05T16:38:08","modified_gmt":"2023-06-05T16:38:08","slug":"cerramientos-armados","status":"publish","type":"page","link":"https:\/\/forjados.net\/index.php\/cerramientos-armados\/","title":{"rendered":"Cerramientos Armados"},"content":{"rendered":"<div data-colibri-id=\"656-c1\" class=\"style-717 style-local-656-c1 position-relative\">\n  <!---->\n  <div data-colibri-component=\"section\" data-colibri-id=\"656-c2\" id=\"about\" class=\"h-section h-section-global-spacing d-flex align-items-lg-center align-items-md-center align-items-center style-718 style-local-656-c2 position-relative\">\n    <!---->\n    <!---->\n    <div class=\"h-section-grid-container h-section-boxed-container\">\n      <div data-colibri-id=\"656-c12\" class=\"h-row-container gutters-row-lg-2 gutters-row-md-2 gutters-row-0 gutters-row-v-lg-2 gutters-row-v-md-2 gutters-row-v-2 style-816 style-local-656-c12 position-relative\">\n        <!---->\n        <div class=\"h-row justify-content-lg-center justify-content-md-center justify-content-center align-items-lg-stretch align-items-md-stretch align-items-stretch gutters-col-lg-2 gutters-col-md-2 gutters-col-0 gutters-col-v-lg-2 gutters-col-v-md-2 gutters-col-v-2\">\n          <!---->\n          <div class=\"h-column h-column-container d-flex h-col-lg-auto h-col-md-auto h-col-auto style-817-outer style-local-656-c13-outer\">\n            <div data-colibri-id=\"656-c13\" class=\"d-flex h-flex-basis h-column__inner h-px-lg-2 h-px-md-2 h-px-2 v-inner-lg-2 v-inner-md-2 v-inner-2 style-817 style-local-656-c13 position-relative\">\n              <!---->\n              <!---->\n              <div class=\"w-100 h-y-container h-column__content h-column__v-align flex-basis-100 align-self-lg-start align-self-md-start align-self-start\">\n                <!---->\n                <div data-colibri-id=\"656-c14\" class=\"h-global-transition-all h-heading style-818 style-local-656-c14 position-relative h-element\">\n                  <!---->\n                  <div class=\"h-heading__outer style-818 style-local-656-c14\">\n                    <!---->\n                    <!---->\n                    <h2 class=\"\">Cerramientos Armados<\/h2>\n                  <\/div>\n                <\/div>\n              <\/div>\n            <\/div>\n          <\/div>\n        <\/div>\n      <\/div>\n      <div data-colibri-id=\"656-c3\" class=\"h-row-container gutters-row-lg-2 gutters-row-md-2 gutters-row-2 gutters-row-v-lg-2 gutters-row-v-md-2 gutters-row-v-2 style-719 style-local-656-c3 position-relative\">\n        <!---->\n        <div class=\"h-row justify-content-lg-center justify-content-md-center justify-content-center align-items-lg-stretch align-items-md-stretch align-items-stretch gutters-col-lg-2 gutters-col-md-2 gutters-col-2 gutters-col-v-lg-2 gutters-col-v-md-2 gutters-col-v-2\">\n          <!---->\n          <div class=\"h-column h-column-container d-flex h-col-lg-auto h-col-md-auto h-col-auto style-720-outer style-local-656-c4-outer\">\n            <div data-colibri-id=\"656-c4\" class=\"d-flex h-flex-basis h-column__inner h-px-lg-2 h-px-md-2 h-px-2 v-inner-lg-2 v-inner-md-2 v-inner-2 style-720 style-local-656-c4 position-relative\">\n              <!---->\n              <!---->\n              <div class=\"w-100 h-y-container h-column__content h-column__v-align flex-basis-100 align-self-lg-center align-self-md-center align-self-center\">\n                <!---->\n                <div data-colibri-id=\"656-c5\" class=\"h-global-transition-all h-heading style-721 style-local-656-c5 position-relative h-element\">\n                  <!---->\n                  <div class=\"h-heading__outer style-721 style-local-656-c5\">\n                    <!---->\n                    <!---->\n                    <h5 class=\"\">Nuestro cerramientos con placas armadas macizas son la mejor opci\u00f3n para su proyecto.<\/h5>\n                  <\/div>\n                <\/div>\n                <div data-colibri-id=\"656-c6\" class=\"h-global-transition-all h-heading style-722 style-local-656-c6 position-relative h-element\">\n                  <!---->\n                  <div class=\"h-heading__outer style-722 style-local-656-c6\">\n                    <!---->\n                    <!---->\n                    <h5 class=\"\">Nos adaptamos a la&nbsp;morfolog\u00eda de su obra<em style=\"color: rgb(3, 169, 244); font-family: &quot;Playfair Display&quot;;\">&nbsp;<\/em> dimensionamos el canto de nuestro producto en funci\u00f3n al largo que tenga su estructura.<\/h5>\n                  <\/div>\n                <\/div>\n                <div data-colibri-id=\"656-c7\" class=\"d-block style-728 style-local-656-c7 position-relative h-element\">\n                  <!---->\n                  <div class=\"h-image__frame-container-outer\">\n                    <div class=\"h-image__frame-container\">\n                      <!---->\n                      <!---->\n                      <img loading=\"lazy\" decoding=\"async\" width=\"1200\" height=\"1200\" src=\"https:\/\/forjados.net\/wp-content\/uploads\/2023\/05\/cropped-WhatsApp-Image-2020-10-13-at-18.03.49-1.jpeg\" class=\"wp-image-662 style-728-image style-local-656-c7-image\" alt=\"\" srcset=\"https:\/\/forjados.net\/wp-content\/uploads\/2023\/05\/cropped-WhatsApp-Image-2020-10-13-at-18.03.49-1.jpeg 1200w, https:\/\/forjados.net\/wp-content\/uploads\/2023\/05\/cropped-WhatsApp-Image-2020-10-13-at-18.03.49-1-300x300.jpeg 300w, https:\/\/forjados.net\/wp-content\/uploads\/2023\/05\/cropped-WhatsApp-Image-2020-10-13-at-18.03.49-1-1024x1024.jpeg 1024w, https:\/\/forjados.net\/wp-content\/uploads\/2023\/05\/cropped-WhatsApp-Image-2020-10-13-at-18.03.49-1-150x150.jpeg 150w, https:\/\/forjados.net\/wp-content\/uploads\/2023\/05\/cropped-WhatsApp-Image-2020-10-13-at-18.03.49-1-768x768.jpeg 768w\" sizes=\"auto, (max-width: 1200px) 100vw, 1200px\" \/>\n                      <div class=\"h-image__frame h-hide-lg h-hide-md h-hide-sm style-728-frameImage style-local-656-c7-frameImage\"><\/div>\n                    <\/div>\n                  <\/div>\n                <\/div>\n                <div data-colibri-id=\"656-c8\" class=\"h-lead h-text h-text-component style-723 style-local-656-c8 position-relative h-element\">\n                  <!---->\n                  <!---->\n                  <div class=\"\">\n                    <p>Si tienes que hacer un cerramiento en una nave o una valla, cu\u00e9ntanoslo y te lo solucionamos.<\/p>\n                    <p>.<\/p>\n                  <\/div>\n                <\/div>\n              <\/div>\n            <\/div>\n          <\/div>\n          <div class=\"h-column h-column-container d-flex h-col-lg-auto h-col-md-auto h-col-auto style-726-outer style-local-656-c9-outer\">\n            <div data-colibri-id=\"656-c9\" class=\"d-flex h-flex-basis h-column__inner h-px-lg-2 h-px-md-2 h-px-2 v-inner-lg-2 v-inner-md-2 v-inner-2 style-726 style-local-656-c9 position-relative\">\n              <!---->\n              <!---->\n              <div class=\"w-100 h-y-container h-column__content h-column__v-align flex-basis-100 align-self-lg-center align-self-md-center align-self-center\">\n                <!---->\n                <div data-colibri-id=\"656-c10\" class=\"h-text h-text-component style-729 style-local-656-c10 position-relative h-element\">\n                  <!---->\n                  <!---->\n                  <div class=\"\">\n                    <p>Tenemos de cantos de placa PA-12, PA-16 y PA-20 y las alturas m\u00e1ximas a la que se fabrica es a 250 cm de alto por el largo.<\/p>\n                    <p>Existe posibilidad de colocaci\u00f3n dentro de pilares, atornillado por fuera de pilares y la inclusi\u00f3n de puertas de paso y ventanas.<\/p>\n                    <p>Nuestro departamento t\u00e9cnico, estudia su obra, le asesora sobre la mejor forma de colocacion y adapta su proyecto a las posibilidades del prefabricado.<\/p>\n                    <p>\n                      <br>\n                    <\/p>\n                  <\/div>\n                <\/div>\n                <div data-colibri-id=\"656-c11\" class=\"d-block style-727 style-local-656-c11 position-relative h-element\">\n                  <!---->\n                  <div class=\"h-image__frame-container-outer\">\n                    <div class=\"h-image__frame-container\">\n                      <!---->\n                      <!---->\n                      <img loading=\"lazy\" decoding=\"async\" width=\"1536\" height=\"1536\" src=\"https:\/\/forjados.net\/wp-content\/uploads\/2023\/05\/cropped-cerramiento-1.jpeg\" class=\"wp-image-661 style-727-image style-local-656-c11-image\" alt=\"\" srcset=\"https:\/\/forjados.net\/wp-content\/uploads\/2023\/05\/cropped-cerramiento-1.jpeg 1536w, https:\/\/forjados.net\/wp-content\/uploads\/2023\/05\/cropped-cerramiento-1-300x300.jpeg 300w, https:\/\/forjados.net\/wp-content\/uploads\/2023\/05\/cropped-cerramiento-1-1024x1024.jpeg 1024w, https:\/\/forjados.net\/wp-content\/uploads\/2023\/05\/cropped-cerramiento-1-150x150.jpeg 150w, https:\/\/forjados.net\/wp-content\/uploads\/2023\/05\/cropped-cerramiento-1-768x768.jpeg 768w\" sizes=\"auto, (max-width: 1536px) 100vw, 1536px\" \/>\n                      <div class=\"h-image__frame h-hide-sm style-727-frameImage style-local-656-c11-frameImage\"><\/div>\n                    <\/div>\n                  <\/div>\n                <\/div>\n              <\/div>\n            <\/div>\n          <\/div>\n        <\/div>\n      <\/div>\n    <\/div>\n  <\/div>\n<\/div>","protected":false},"excerpt":{"rendered":"<p>Cerramientos Armados Nuestro cerramientos con placas armadas macizas son la mejor opci\u00f3n para su proyecto. Nos adaptamos a la&nbsp;morfolog\u00eda de su obra&nbsp; dimensionamos el canto de nuestro producto en funci\u00f3n al largo que tenga su estructura. Si tienes que hacer un cerramiento en una nave o una valla, cu\u00e9ntanoslo y te lo solucionamos. . Tenemos [&hellip;]<\/p>\n","protected":false},"author":1,"featured_media":0,"parent":0,"menu_order":0,"comment_status":"closed","ping_status":"closed","template":"page-templates\/full-width-page.php","meta":{"footnotes":""},"class_list":["post-656","page","type-page","status-publish","hentry"],"_links":{"self":[{"href":"https:\/\/forjados.net\/index.php\/wp-json\/wp\/v2\/pages\/656","targetHints":{"allow":["GET"]}}],"collection":[{"href":"https:\/\/forjados.net\/index.php\/wp-json\/wp\/v2\/pages"}],"about":[{"href":"https:\/\/forjados.net\/index.php\/wp-json\/wp\/v2\/types\/page"}],"author":[{"embeddable":true,"href":"https:\/\/forjados.net\/index.php\/wp-json\/wp\/v2\/users\/1"}],"replies":[{"embeddable":true,"href":"https:\/\/forjados.net\/index.php\/wp-json\/wp\/v2\/comments?post=656"}],"version-history":[{"count":4,"href":"https:\/\/forjados.net\/index.php\/wp-json\/wp\/v2\/pages\/656\/revisions"}],"predecessor-version":[{"id":988,"href":"https:\/\/forjados.net\/index.php\/wp-json\/wp\/v2\/pages\/656\/revisions\/988"}],"wp:attachment":[{"href":"https:\/\/forjados.net\/index.php\/wp-json\/wp\/v2\/media?parent=656"}],"curies":[{"name":"wp","href":"https:\/\/api.w.org\/{rel}","templated":true}]}}